{"id":2,"date":"2022-10-13T20:00:22","date_gmt":"2022-10-13T20:00:22","guid":{"rendered":"https:\/\/roomolution.com\/?page_id=2"},"modified":"2022-12-28T11:53:14","modified_gmt":"2022-12-28T11:53:14","slug":"impressum","status":"publish","type":"page","link":"https:\/\/roomolution.com\/index.php\/impressum\/","title":{"rendered":"IMPRESSUM"},"content":{"rendered":"<p>[vc_row][vc_column][vc_column_text]<\/p>\n<p class=\"font_8\">Stand: 01.01.2022<\/p>\n<p>&nbsp;<\/p>\n<p class=\"font_8\">Medieninhaber und f\u00fcr den Inhalt verantwortlich:<\/p>\n<p>roomolution<br \/>\nGregor Chrusciel B.A.<br \/>\nStumpergasse 27\/Atelier<br \/>\n1060 Wien<br \/>\n\u00d6sterreich<\/p>\n<p>Tel.: +43 676 456 79 15<br \/>\nE-Mail: <a>office@roomolution.at<\/a><br \/>\nInternet: www.roomolution.com<\/p>\n<p>Rechtsform: Einpersonenunternehmen<br \/>\nFirmensitz: A-1060 Wien<br \/>\nAdresse: Stumpergasse 27\/Atelier Hinterhof, 1060 Wien, \u00d6sterreich<br \/>\nGesch\u00e4ftsf\u00fchrer: Gregor Chrusciel B.A.<br \/>\nUID-Nr.: ATU71167113<\/p>\n<p>Unternehmensgegenstand: roomolution bietet Innenarchitektur und entwirft und produziert selbst designte Einzelst\u00fccke.<br \/>\nGewerberechtliche Vorschriften: Gewerbeordnung (www.ris.bka.gv.at)<\/p>\n<p>&nbsp;<\/p>\n<h4>RECHTLICHE HINWEISE<\/h4>\n<p>Urheberrecht<br \/>\nDie durch roomolution erstellten Inhalte auf diesen Seiten unterliegen dem Schutz des Urheberrechts und anderer Gesetze zum Schutz geistigen Eigentums unabh\u00e4ngig von jeglicher Kennzeichnung. Die Vervielf\u00e4ltigung, Bearbeitung, Verbreitung und jede Art der Verwertung au\u00dferhalb des Urheberrechtsgesetzes bed\u00fcrfen der schriftlichen Zustimmung von roomolution. Die Inhalte Dritter werden als solche gekennzeichnet. Sollte trotzdem eine Urheberrechtsverletzung vorliegen, wird um einen entsprechenden Hinweis gebeten. Bei Bekanntwerden von Rechtsverletzungen werden derartige Inhalte umgehend entfernt.<\/p>\n<p>Garantie und Haftung<br \/>\nJeglicher Inhalt der Website und ihrer Teile wurden unter Anwendung gr\u00f6\u00dftm\u00f6glicher Sorgfalt erstellt und \u00fcberwacht. roomolution leistet jedoch keine Gew\u00e4hr oder Garantie f\u00fcr die Genauigkeit und Vollst\u00e4ndigkeit der Information auf dieser Website. roomolution beh\u00e4lt sich vor, die vorliegende Website jederzeit ohne vorherige Ank\u00fcndigung zu ver\u00e4ndern.<\/p>\n<p>Links zu Websites Dritter<br \/>\nDie Website enth\u00e4lt Links oder Verweise auf Websites Dritter. Trotz sorgf\u00e4ltiger inhaltlicher Kontrolle \u00fcbernimmt roomolution keine Haftung f\u00fcr die Inhalte externer Links. F\u00fcr den Inhalt der verlinkten Seiten sind ausschlie\u00dflich deren Betreiber verantwortlich.[\/vc_column_text][\/vc_column][\/vc_row]<\/p>\n","protected":false},"excerpt":{"rendered":"<p>[vc_row][vc_column][vc_column_text] Stand: 01.01.2022 &nbsp; Medieninhaber und f\u00fcr den Inhalt verantwortlich: roomolution Gregor Chrusciel B.A. Stumpergasse 27\/Atelier 1060 Wien \u00d6sterreich Tel.: +43 676 456 79 15 &hellip;<\/p>\n","protected":false},"author":1,"featured_media":0,"parent":0,"menu_order":0,"comment_status":"closed","ping_status":"open","template":"","meta":{"_crdt_document":"","footnotes":""},"class_list":["post-2","page","type-page","status-publish","hentry"],"acf":[],"_links":{"self":[{"href":"https:\/\/roomolution.com\/index.php\/wp-json\/wp\/v2\/pages\/2","targetHints":{"allow":["GET"]}}],"collection":[{"href":"https:\/\/roomolution.com\/index.php\/wp-json\/wp\/v2\/pages"}],"about":[{"href":"https:\/\/roomolution.com\/index.php\/wp-json\/wp\/v2\/types\/page"}],"author":[{"embeddable":true,"href":"https:\/\/roomolution.com\/index.php\/wp-json\/wp\/v2\/users\/1"}],"replies":[{"embeddable":true,"href":"https:\/\/roomolution.com\/index.php\/wp-json\/wp\/v2\/comments?post=2"}],"version-history":[{"count":3,"href":"https:\/\/roomolution.com\/index.php\/wp-json\/wp\/v2\/pages\/2\/revisions"}],"predecessor-version":[{"id":1141,"href":"https:\/\/roomolution.com\/index.php\/wp-json\/wp\/v2\/pages\/2\/revisions\/1141"}],"wp:attachment":[{"href":"https:\/\/roomolution.com\/index.php\/wp-json\/wp\/v2\/media?parent=2"}],"curies":[{"name":"wp","href":"https:\/\/api.w.org\/{rel}","templated":true}]}}